{"id":1568,"date":"2025-11-10T14:59:00","date_gmt":"2025-11-10T14:59:00","guid":{"rendered":"https:\/\/www.mundigamescash.com\/?page_id=1568"},"modified":"2025-11-10T15:02:25","modified_gmt":"2025-11-10T15:02:25","slug":"baixar","status":"publish","type":"page","link":"https:\/\/www.mundigamescash.com\/pt\/baixar\/","title":{"rendered":"Baixar"},"content":{"rendered":"<p>[et_pb_section fb_built=&#8221;1&#8243; disabled_on=&#8221;on|off|off&#8221; _builder_version=&#8221;4.27.0&#8243; _module_preset=&#8221;default&#8221; background_image=&#8221;http:\/\/www.mundigamescash.com\/wp-content\/uploads\/2025\/07\/contacto-background.png&#8221; global_colors_info=&#8221;{}&#8221;][et_pb_row _builder_version=&#8221;4.27.0&#8243; _module_preset=&#8221;default&#8221; global_colors_info=&#8221;{}&#8221;][et_pb_column type=&#8221;4_4&#8243; _builder_version=&#8221;4.27.0&#8243; _module_preset=&#8221;default&#8221; global_colors_info=&#8221;{}&#8221;][et_pb_text _builder_version=&#8221;4.27.0&#8243; _module_preset=&#8221;default&#8221; header_font=&#8221;&#8211;et_global_heading_font|700|||||||&#8221; header_text_align=&#8221;center&#8221; header_text_color=&#8221;#FFFFFF&#8221; header_font_size=&#8221;50px&#8221; header_line_height=&#8221;1.2em&#8221; hover_enabled=&#8221;0&#8243; header_font_size_tablet=&#8221;50px&#8221; header_font_size_phone=&#8221;50px&#8221; header_font_size_last_edited=&#8221;on|desktop&#8221; custom_css_main_element=&#8221;.logo-mcash {||    display: inline-block; \/* Treat it as an inline element *\/||    background-image: url(&#8216;http:\/\/www.mundigamescash.com\/wp-content\/uploads\/2025\/07\/M_cash_logo.png&#8217;); \/* Replace with the actual URL of your logo *\/||    background-size: contain; \/* Ensure the logo fits properly *\/||    background-repeat: no-repeat;||    color: transparent; \/* Hide the actual text *\/||    width: 70px; \/* Adjust to the size of your logo *\/||    height: 70px; \/* Match the logo&#8217;s aspect ratio *\/||    vertical-align: middle; \/* Align with surrounding text *\/||}&#8221; global_colors_info=&#8221;{}&#8221; sticky_enabled=&#8221;0&#8243;]<\/p>\n<h1>Tenha <span class=\"logo-mcash\"><\/span>no seu celular<\/h1>\n<p>[\/et_pb_text][\/et_pb_column][\/et_pb_row][et_pb_row column_structure=&#8221;1_5,1_5,1_5,1_5,1_5&#8243; _builder_version=&#8221;4.27.0&#8243; _module_preset=&#8221;default&#8221; max_width=&#8221;1200px&#8221; max_width_tablet=&#8221;&#8221; max_width_phone=&#8221;&#8221; max_width_last_edited=&#8221;on|phone&#8221; global_colors_info=&#8221;{}&#8221;][et_pb_column type=&#8221;1_5&#8243; _builder_version=&#8221;4.27.0&#8243; _module_preset=&#8221;default&#8221; global_colors_info=&#8221;{}&#8221;][et_pb_image src=&#8221;http:\/\/www.mundigamescash.com\/wp-content\/uploads\/2025\/11\/QR_MC.png&#8221; title_text=&#8221;QR_MC&#8221; align=&#8221;center&#8221; _builder_version=&#8221;4.27.0&#8243; _module_preset=&#8221;default&#8221; global_colors_info=&#8221;{}&#8221;][\/et_pb_image][\/et_pb_column][et_pb_column type=&#8221;1_5&#8243; _builder_version=&#8221;4.27.0&#8243; _module_preset=&#8221;default&#8221; global_colors_info=&#8221;{}&#8221;][et_pb_image src=&#8221;http:\/\/www.mundigamescash.com\/wp-content\/uploads\/2025\/11\/apk_1-1.png&#8221; title_text=&#8221;apk_1 (1)&#8221; align=&#8221;center&#8221; _builder_version=&#8221;4.27.0&#8243; _module_preset=&#8221;default&#8221; global_colors_info=&#8221;{}&#8221;][\/et_pb_image][\/et_pb_column][et_pb_column type=&#8221;1_5&#8243; _builder_version=&#8221;4.27.0&#8243; _module_preset=&#8221;default&#8221; global_colors_info=&#8221;{}&#8221;][et_pb_image src=&#8221;http:\/\/www.mundigamescash.com\/wp-content\/uploads\/2025\/11\/apk_2-1.png&#8221; title_text=&#8221;apk_2 (1)&#8221; align=&#8221;center&#8221; _builder_version=&#8221;4.27.0&#8243; _module_preset=&#8221;default&#8221; global_colors_info=&#8221;{}&#8221;][\/et_pb_image][\/et_pb_column][et_pb_column type=&#8221;1_5&#8243; _builder_version=&#8221;4.27.0&#8243; _module_preset=&#8221;default&#8221; global_colors_info=&#8221;{}&#8221;][et_pb_image src=&#8221;http:\/\/www.mundigamescash.com\/wp-content\/uploads\/2025\/11\/apk_3-1.png&#8221; title_text=&#8221;apk_3 (1)&#8221; align=&#8221;center&#8221; _builder_version=&#8221;4.27.0&#8243; _module_preset=&#8221;default&#8221; global_colors_info=&#8221;{}&#8221;][\/et_pb_image][\/et_pb_column][et_pb_column type=&#8221;1_5&#8243; _builder_version=&#8221;4.27.0&#8243; _module_preset=&#8221;default&#8221; global_colors_info=&#8221;{}&#8221;][et_pb_image src=&#8221;http:\/\/www.mundigamescash.com\/wp-content\/uploads\/2025\/11\/apk_4-1.png&#8221; title_text=&#8221;apk_4 (1)&#8221; align=&#8221;center&#8221; _builder_version=&#8221;4.27.0&#8243; _module_preset=&#8221;default&#8221; global_colors_info=&#8221;{}&#8221;][\/et_pb_image][\/et_pb_column][\/et_pb_row][\/et_pb_section][et_pb_section fb_built=&#8221;1&#8243; disabled_on=&#8221;off|on|on&#8221; _builder_version=&#8221;4.27.0&#8243; _module_preset=&#8221;default&#8221; background_image=&#8221;http:\/\/www.mundigamescash.com\/wp-content\/uploads\/2025\/07\/contacto-background.png&#8221; global_colors_info=&#8221;{}&#8221;][et_pb_row _builder_version=&#8221;4.27.0&#8243; _module_preset=&#8221;default&#8221; global_colors_info=&#8221;{}&#8221;][et_pb_column type=&#8221;4_4&#8243; _builder_version=&#8221;4.27.0&#8243; _module_preset=&#8221;default&#8221; global_colors_info=&#8221;{}&#8221;][et_pb_text _builder_version=&#8221;4.27.0&#8243; _module_preset=&#8221;default&#8221; header_font=&#8221;&#8211;et_global_heading_font|700|||||||&#8221; header_text_align=&#8221;center&#8221; header_text_color=&#8221;#FFFFFF&#8221; header_font_size=&#8221;50px&#8221; header_line_height=&#8221;1.2em&#8221; hover_enabled=&#8221;0&#8243; header_font_size_tablet=&#8221;50px&#8221; header_font_size_phone=&#8221;50px&#8221; header_font_size_last_edited=&#8221;on|desktop&#8221; custom_css_main_element=&#8221;.logo-mcash {||    display: inline-block; \/* Treat it as an inline element *\/||    background-image: url(&#8216;http:\/\/www.mundigamescash.com\/wp-content\/uploads\/2025\/07\/M_cash_logo.png&#8217;); \/* Replace with the actual URL of your logo *\/||    background-size: contain; \/* Ensure the logo fits properly *\/||    background-repeat: no-repeat;||    color: transparent; \/* Hide the actual text *\/||    width: 70px; \/* Adjust to the size of your logo *\/||    height: 70px; \/* Match the logo&#8217;s aspect ratio *\/||    vertical-align: middle; \/* Align with surrounding text *\/||}&#8221; global_colors_info=&#8221;{}&#8221; sticky_enabled=&#8221;0&#8243;]<\/p>\n<h1>Tenha <span class=\"logo-mcash\"><\/span>no seu celular<\/h1>\n<p>[\/et_pb_text][et_pb_button button_text=&#8221;Download now&#8221; button_alignment=&#8221;center&#8221; _builder_version=&#8221;4.27.0&#8243; _module_preset=&#8221;default&#8221; custom_button=&#8221;on&#8221; button_text_color=&#8221;#FFFFFF&#8221; button_bg_color=&#8221;#006d77&#8243; button_border_color=&#8221;RGBA(255,255,255,0)&#8221; button_border_radius=&#8221;100px&#8221; button_font=&#8221;Poppins||||||||&#8221; hover_enabled=&#8221;0&#8243; global_colors_info=&#8221;{}&#8221; sticky_enabled=&#8221;0&#8243;][\/et_pb_button][\/et_pb_column][\/et_pb_row][et_pb_row column_structure=&#8221;1_4,1_4,1_4,1_4&#8243; _builder_version=&#8221;4.27.0&#8243; _module_preset=&#8221;default&#8221; max_width=&#8221;1200px&#8221; max_width_tablet=&#8221;&#8221; max_width_phone=&#8221;&#8221; max_width_last_edited=&#8221;on|phone&#8221; custom_css_main_element=&#8221;display: flex;||flex-wrap: nowrap !important;||justify-content: space-between;||&#8221; global_colors_info=&#8221;{}&#8221;][et_pb_column type=&#8221;1_4&#8243; _builder_version=&#8221;4.27.0&#8243; _module_preset=&#8221;default&#8221; global_colors_info=&#8221;{}&#8221;][et_pb_image src=&#8221;http:\/\/www.mundigamescash.com\/wp-content\/uploads\/2025\/11\/apk_1-1.png&#8221; title_text=&#8221;apk_1 (1)&#8221; align=&#8221;center&#8221; _builder_version=&#8221;4.27.0&#8243; _module_preset=&#8221;default&#8221; global_colors_info=&#8221;{}&#8221;][\/et_pb_image][dipl_button _builder_version=&#8221;4.27.0&#8243; _module_preset=&#8221;default&#8221; global_colors_info=&#8221;{}&#8221;][\/dipl_button][\/et_pb_column][et_pb_column type=&#8221;1_4&#8243; _builder_version=&#8221;4.27.0&#8243; _module_preset=&#8221;default&#8221; global_colors_info=&#8221;{}&#8221;][et_pb_image src=&#8221;http:\/\/www.mundigamescash.com\/wp-content\/uploads\/2025\/11\/apk_2-1.png&#8221; title_text=&#8221;apk_2 (1)&#8221; align=&#8221;center&#8221; _builder_version=&#8221;4.27.0&#8243; _module_preset=&#8221;default&#8221; global_colors_info=&#8221;{}&#8221;][\/et_pb_image][\/et_pb_column][et_pb_column type=&#8221;1_4&#8243; _builder_version=&#8221;4.27.0&#8243; _module_preset=&#8221;default&#8221; global_colors_info=&#8221;{}&#8221;][et_pb_image src=&#8221;http:\/\/www.mundigamescash.com\/wp-content\/uploads\/2025\/11\/apk_3-1.png&#8221; title_text=&#8221;apk_3 (1)&#8221; align=&#8221;center&#8221; _builder_version=&#8221;4.27.0&#8243; _module_preset=&#8221;default&#8221; global_colors_info=&#8221;{}&#8221;][\/et_pb_image][\/et_pb_column][et_pb_column type=&#8221;1_4&#8243; _builder_version=&#8221;4.27.0&#8243; _module_preset=&#8221;default&#8221; global_colors_info=&#8221;{}&#8221;][et_pb_image src=&#8221;http:\/\/www.mundigamescash.com\/wp-content\/uploads\/2025\/11\/apk_4-1.png&#8221; title_text=&#8221;apk_4 (1)&#8221; align=&#8221;center&#8221; _builder_version=&#8221;4.27.0&#8243; _module_preset=&#8221;default&#8221; global_colors_info=&#8221;{}&#8221;][\/et_pb_image][\/et_pb_column][\/et_pb_row][et_pb_row _builder_version=&#8221;4.27.0&#8243; _module_preset=&#8221;default&#8221; global_colors_info=&#8221;{}&#8221;][et_pb_column type=&#8221;4_4&#8243; _builder_version=&#8221;4.27.0&#8243; _module_preset=&#8221;default&#8221; global_colors_info=&#8221;{}&#8221;][dipl_button _builder_version=&#8221;4.27.0&#8243; _module_preset=&#8221;default&#8221; global_colors_info=&#8221;{}&#8221;][\/dipl_button][\/et_pb_column][\/et_pb_row][\/et_pb_section][et_pb_section fb_built=&#8221;1&#8243; _builder_version=&#8221;4.27.0&#8243; _module_preset=&#8221;default&#8221; global_colors_info=&#8221;{}&#8221;][et_pb_row _builder_version=&#8221;4.27.0&#8243; _module_preset=&#8221;default&#8221; global_colors_info=&#8221;{}&#8221;][et_pb_column type=&#8221;4_4&#8243; _builder_version=&#8221;4.27.0&#8243; _module_preset=&#8221;default&#8221; global_colors_info=&#8221;{}&#8221;][et_pb_accordion _builder_version=&#8221;4.27.0&#8243; _module_preset=&#8221;default&#8221; border_radii=&#8221;on|6px|6px|6px|6px&#8221; border_width_all=&#8221;0px&#8221; global_colors_info=&#8221;{}&#8221;][et_pb_accordion_item title=&#8221;What is an APK?&#8221; _builder_version=&#8221;4.27.0&#8243; _module_preset=&#8221;default&#8221; global_colors_info=&#8221;{}&#8221; open=&#8221;on&#8221;]<\/p>\n<p><span>\u00c9 um arquivo que te permite instalar nosso app no seu celular Android, como se fosse pela Google Play.<\/span><\/p>\n<p>[\/et_pb_accordion_item][et_pb_accordion_item title=&#8221;Why do I get a warning message?&#8221; open=&#8221;off&#8221; _builder_version=&#8221;4.27.0&#8243; _module_preset=&#8221;default&#8221; global_colors_info=&#8221;{}&#8221;]<\/p>\n<p><span style=\"font-weight: 400;\">O Android sempre mostra essa mensagem quando voc\u00ea tenta instalar um app fora da Google Play, mesmo sendo 100% seguro. \u00c9 s\u00f3 um aviso autom\u00e1tico, n\u00e3o se preocupe!<\/span><\/p>\n<p>[\/et_pb_accordion_item][et_pb_accordion_item title=&#8221;Is it dangerous to install?&#8221; _builder_version=&#8221;4.27.0&#8243; _module_preset=&#8221;default&#8221; global_colors_info=&#8221;{}&#8221; open=&#8221;off&#8221;]<\/p>\n<p><span style=\"font-weight: 400;\">Sim! Este \u00e9 o APK oficial do Mundijogos Cash! Ele \u00e9 100% seguro, livre de v\u00edrus e an\u00fancios e n\u00e3o acessa seus dados pessoais.<\/span><\/p>\n<p>[\/et_pb_accordion_item][et_pb_accordion_item title=&#8221;Why isn\u2019t it on Google Play?&#8221; _builder_version=&#8221;4.27.0&#8243; _module_preset=&#8221;default&#8221; global_colors_info=&#8221;{}&#8221; open=&#8221;off&#8221;]<\/p>\n<p><span style=\"font-weight: 400;\">Nosso aplicativo de partidas de treino com diamantes j\u00e1 est\u00e1 no Google Play, mas as partidas de dinheiro real ainda n\u00e3o s\u00e3o permitidas nessa plataforma (ao contr\u00e1rio da Apple e da Samsung). \u00c9 por isso que disponibilizamos nosso APK diretamente em nosso site.<\/span><\/p>\n<p>[\/et_pb_accordion_item][et_pb_accordion_item title=&#8221;What should I do when the warning appears?&#8221; _builder_version=&#8221;4.27.0&#8243; _module_preset=&#8221;default&#8221; global_colors_info=&#8221;{}&#8221; open=&#8221;off&#8221;]<\/p>\n<p><span style=\"font-weight: 400;\">Siga estes passos:<\/span><\/p>\n<ol>\n<li style=\"font-weight: 400;\" aria-level=\"1\"><span style=\"font-weight: 400;\">Clique em \u201cConfigura\u00e7\u00f5es\u201d<\/span><\/li>\n<li style=\"font-weight: 400;\" aria-level=\"1\"><span style=\"font-weight: 400;\">Habilite \u201cPermitir desta fonte\u201d<\/span><\/li>\n<li style=\"font-weight: 400;\" aria-level=\"1\"><span style=\"font-weight: 400;\">Volte atr\u00e1s e clique em \u201cInstalar\u201d<\/span><\/li>\n<\/ol>\n<p>[\/et_pb_accordion_item][et_pb_accordion_item title=&#8221;Can it harm my phone?&#8221; _builder_version=&#8221;4.27.0&#8243; _module_preset=&#8221;default&#8221; global_colors_info=&#8221;{}&#8221; open=&#8221;off&#8221;]<\/p>\n<p><span style=\"font-weight: 400;\">N\u00e3o. O APK apenas instala o jogo e n\u00e3o altera nada no seu sistema. Voc\u00ea pode desinstal\u00e1-lo quando quiser.<\/span><\/p>\n<p>[\/et_pb_accordion_item][et_pb_accordion_item title=&#8221;Do I have to do this every time?&#8221; _builder_version=&#8221;4.27.0&#8243; _module_preset=&#8221;default&#8221; global_colors_info=&#8221;{}&#8221; open=&#8221;off&#8221;]<\/p>\n<p><span style=\"font-weight: 400;\">N\u00e3o. Somente na primeira vez. Depois voc\u00ea j\u00e1 poder\u00e1 jogar e atualiz\u00e1-la sem ter que repetir esses passos.<\/span><\/p>\n<p>[\/et_pb_accordion_item][et_pb_accordion_item title=&#8221;What if it won\u2019t let me install it?&#8221; _builder_version=&#8221;4.27.0&#8243; _module_preset=&#8221;default&#8221; global_colors_info=&#8221;{}&#8221; open=&#8221;off&#8221;]<\/p>\n<p><span style=\"font-weight: 400;\">Confira se voc\u00ea ativou a op\u00e7\u00e3o \u201cinstalar apps desconhecidos\u201d.<\/span><\/p>\n<p>[\/et_pb_accordion_item][\/et_pb_accordion][\/et_pb_column][\/et_pb_row][\/et_pb_section]<\/p>","protected":false},"excerpt":{"rendered":"<p>Get on your phoneGet on your phone<div class=\"et_pb_module dipl_button dipl_button_0\">\n\t\t\t\t\n\t\t\t\t\n\t\t\t\t\n\t\t\t\t\n\t\t\t\t\n\t\t\t\t\n\t\t\t\t<div class=\"et_pb_module_inner\">\n\t\t\t\t\t\n\t\t\t\t<\/div>\n\t\t\t<\/div><div class=\"et_pb_module dipl_button dipl_button_1\">\n\t\t\t\t\n\t\t\t\t\n\t\t\t\t\n\t\t\t\t\n\t\t\t\t\n\t\t\t\t\n\t\t\t\t<div class=\"et_pb_module_inner\">\n\t\t\t\t\t\n\t\t\t\t<\/div>\n\t\t\t<\/div>It\u2019s the file that lets you install our app on your Android phone, just like from Google Play.Android always shows a warning when you install something outside Google Play, even if it\u2019s 100% safe. It\u2019s normal.No. This APK comes directly from us, with [&hellip;]<\/p>","protected":false},"author":1,"featured_media":0,"parent":0,"menu_order":0,"comment_status":"closed","ping_status":"closed","template":"","meta":{"_et_pb_use_builder":"on","_et_pb_old_content":"","_et_gb_content_width":"","footnotes":""},"class_list":["post-1568","page","type-page","status-publish","hentry"],"yoast_head":"<!-- This site is optimized with the Yoast SEO plugin v23.4 - https:\/\/yoast.com\/wordpress\/plugins\/seo\/ -->\n<title>Download - Mundigames Cash<\/title>\n<meta name=\"robots\" content=\"index, follow, max-snippet:-1, max-image-preview:large, max-video-preview:-1\" \/>\n<link rel=\"canonical\" href=\"https:\/\/www.mundigamescash.com\/pt\/baixar\/\" \/>\n<meta property=\"og:locale\" content=\"pt_BR\" \/>\n<meta property=\"og:type\" content=\"article\" \/>\n<meta property=\"og:title\" content=\"Download - Mundigames Cash\" \/>\n<meta property=\"og:description\" content=\"Shaping the Future of Fun Games, creating and playing them, are what drives us. And with ideas and innovation at the heart of all we do, every title we launch reflects the combined talent and enthusiasm of our entire team. But life at Tangelo is more than games!About Tangelo GamesTwo entrepreneurs founded Akamon and Diwip, [&hellip;]\" \/>\n<meta property=\"og:url\" content=\"https:\/\/www.mundigamescash.com\/pt\/baixar\/\" \/>\n<meta property=\"og:site_name\" content=\"Mundigames Cash\" \/>\n<meta property=\"article:modified_time\" content=\"2025-11-10T15:02:25+00:00\" \/>\n<meta name=\"twitter:card\" content=\"summary_large_image\" \/>\n<script type=\"application\/ld+json\" class=\"yoast-schema-graph\">{\"@context\":\"https:\/\/schema.org\",\"@graph\":[{\"@type\":\"WebPage\",\"@id\":\"https:\/\/www.mundigamescash.com\/en\/download\/\",\"url\":\"https:\/\/www.mundigamescash.com\/en\/download\/\",\"name\":\"Download - Mundigames Cash\",\"isPartOf\":{\"@id\":\"https:\/\/www.mundigamescash.com\/#website\"},\"datePublished\":\"2025-11-10T14:59:00+00:00\",\"dateModified\":\"2025-11-10T15:02:25+00:00\",\"breadcrumb\":{\"@id\":\"https:\/\/www.mundigamescash.com\/en\/download\/#breadcrumb\"},\"inLanguage\":\"pt-BR\",\"potentialAction\":[{\"@type\":\"ReadAction\",\"target\":[\"https:\/\/www.mundigamescash.com\/en\/download\/\"]}]},{\"@type\":\"BreadcrumbList\",\"@id\":\"https:\/\/www.mundigamescash.com\/en\/download\/#breadcrumb\",\"itemListElement\":[{\"@type\":\"ListItem\",\"position\":1,\"name\":\"Home\",\"item\":\"https:\/\/www.mundigamescash.com\/\"},{\"@type\":\"ListItem\",\"position\":2,\"name\":\"Download\"}]},{\"@type\":\"WebSite\",\"@id\":\"https:\/\/www.mundigamescash.com\/#website\",\"url\":\"https:\/\/www.mundigamescash.com\/\",\"name\":\"Mundigames Cash\",\"description\":\"Win Real Money\",\"potentialAction\":[{\"@type\":\"SearchAction\",\"target\":{\"@type\":\"EntryPoint\",\"urlTemplate\":\"https:\/\/www.mundigamescash.com\/?s={search_term_string}\"},\"query-input\":{\"@type\":\"PropertyValueSpecification\",\"valueRequired\":true,\"valueName\":\"search_term_string\"}}],\"inLanguage\":\"pt-BR\"}]}<\/script>\n<!-- \/ Yoast SEO plugin. -->","yoast_head_json":{"title":"Baixar - Mundijogos Cash","robots":{"index":"index","follow":"follow","max-snippet":"max-snippet:-1","max-image-preview":"max-image-preview:large","max-video-preview":"max-video-preview:-1"},"canonical":"https:\/\/www.mundigamescash.com\/pt\/baixar\/","og_locale":"pt_BR","og_type":"article","og_title":"Download - Mundigames Cash","og_description":"Shaping the Future of Fun Games, creating and playing them, are what drives us. And with ideas and innovation at the heart of all we do, every title we launch reflects the combined talent and enthusiasm of our entire team. But life at Tangelo is more than games!About Tangelo GamesTwo entrepreneurs founded Akamon and Diwip, [&hellip;]","og_url":"https:\/\/www.mundigamescash.com\/pt\/baixar\/","og_site_name":"Mundigames Cash","article_modified_time":"2025-11-10T15:02:25+00:00","twitter_card":"summary_large_image","schema":{"@context":"https:\/\/schema.org","@graph":[{"@type":"WebPage","@id":"https:\/\/www.mundigamescash.com\/en\/download\/","url":"https:\/\/www.mundigamescash.com\/en\/download\/","name":"Baixar - Mundijogos Cash","isPartOf":{"@id":"https:\/\/www.mundigamescash.com\/#website"},"datePublished":"2025-11-10T14:59:00+00:00","dateModified":"2025-11-10T15:02:25+00:00","breadcrumb":{"@id":"https:\/\/www.mundigamescash.com\/en\/download\/#breadcrumb"},"inLanguage":"pt-BR","potentialAction":[{"@type":"ReadAction","target":["https:\/\/www.mundigamescash.com\/en\/download\/"]}]},{"@type":"BreadcrumbList","@id":"https:\/\/www.mundigamescash.com\/en\/download\/#breadcrumb","itemListElement":[{"@type":"ListItem","position":1,"name":"Home","item":"https:\/\/www.mundigamescash.com\/"},{"@type":"ListItem","position":2,"name":"Download"}]},{"@type":"WebSite","@id":"https:\/\/www.mundigamescash.com\/#website","url":"https:\/\/www.mundigamescash.com\/","name":"Mundijogos Cash","description":"Ganhe cash","potentialAction":[{"@type":"SearchAction","target":{"@type":"EntryPoint","urlTemplate":"https:\/\/www.mundigamescash.com\/?s={search_term_string}"},"query-input":{"@type":"PropertyValueSpecification","valueRequired":true,"valueName":"search_term_string"}}],"inLanguage":"pt-BR"}]}},"_links":{"self":[{"href":"https:\/\/www.mundigamescash.com\/pt\/wp-json\/wp\/v2\/pages\/1568","targetHints":{"allow":["GET"]}}],"collection":[{"href":"https:\/\/www.mundigamescash.com\/pt\/wp-json\/wp\/v2\/pages"}],"about":[{"href":"https:\/\/www.mundigamescash.com\/pt\/wp-json\/wp\/v2\/types\/page"}],"author":[{"embeddable":true,"href":"https:\/\/www.mundigamescash.com\/pt\/wp-json\/wp\/v2\/users\/1"}],"replies":[{"embeddable":true,"href":"https:\/\/www.mundigamescash.com\/pt\/wp-json\/wp\/v2\/comments?post=1568"}],"version-history":[{"count":5,"href":"https:\/\/www.mundigamescash.com\/pt\/wp-json\/wp\/v2\/pages\/1568\/revisions"}],"predecessor-version":[{"id":1588,"href":"https:\/\/www.mundigamescash.com\/pt\/wp-json\/wp\/v2\/pages\/1568\/revisions\/1588"}],"wp:attachment":[{"href":"https:\/\/www.mundigamescash.com\/pt\/wp-json\/wp\/v2\/media?parent=1568"}],"curies":[{"name":"wp","href":"https:\/\/api.w.org\/{rel}","templated":true}]}}