{"id":884,"date":"2025-04-24T08:23:27","date_gmt":"2025-04-24T08:23:27","guid":{"rendered":"https:\/\/www.mundigamescash.com\/?page_id=884"},"modified":"2025-07-28T13:25:30","modified_gmt":"2025-07-28T13:25:30","slug":"politica-de-privacidad","status":"publish","type":"page","link":"https:\/\/www.mundigamescash.com\/es\/politica-de-privacidad\/","title":{"rendered":"Pol\u00edtica de privacidad"},"content":{"rendered":"[et_pb_section fb_built=&#8221;1&#8243; theme_builder_area=&#8221;post_content&#8221; _builder_version=&#8221;4.27.0&#8243; _module_preset=&#8221;default&#8221;][\/et_pb_section]","protected":false},"excerpt":{"rendered":"","protected":false},"author":1,"featured_media":0,"parent":0,"menu_order":0,"comment_status":"closed","ping_status":"closed","template":"","meta":{"_et_pb_use_builder":"on","_et_pb_old_content":"","_et_gb_content_width":"","footnotes":""},"class_list":["post-884","page","type-page","status-publish","hentry"],"yoast_head":"<!-- This site is optimized with the Yoast SEO plugin v23.4 - https:\/\/yoast.com\/wordpress\/plugins\/seo\/ -->\n<title>Privacy Policy | Mundigames Cash<\/title>\n<meta name=\"description\" content=\"Review our Privacy Policy to learn how we collect, use, and protect your personal information when using our services.\" \/>\n<meta name=\"robots\" content=\"index, follow, max-snippet:-1, max-image-preview:large, max-video-preview:-1\" \/>\n<link rel=\"canonical\" href=\"https:\/\/www.mundigamescash.com\/es\/politica-de-privacidad\/\" \/>\n<meta property=\"og:locale\" content=\"es_ES\" \/>\n<meta property=\"og:type\" content=\"article\" \/>\n<meta property=\"og:title\" content=\"Privacy Policy | Mundigames Cash\" \/>\n<meta property=\"og:description\" content=\"Review our Privacy Policy to learn how we collect, use, and protect your personal information when using our services.\" \/>\n<meta property=\"og:url\" content=\"https:\/\/www.mundigamescash.com\/es\/politica-de-privacidad\/\" \/>\n<meta property=\"og:site_name\" content=\"Mundigames Cash\" \/>\n<meta property=\"article:modified_time\" content=\"2025-07-28T13:25:30+00:00\" \/>\n<meta name=\"twitter:card\" content=\"summary_large_image\" \/>\n<script type=\"application\/ld+json\" class=\"yoast-schema-graph\">{\"@context\":\"https:\/\/schema.org\",\"@graph\":[{\"@type\":\"WebPage\",\"@id\":\"https:\/\/www.mundigamescash.com\/privacy-policy\/\",\"url\":\"https:\/\/www.mundigamescash.com\/privacy-policy\/\",\"name\":\"Privacy Policy | Mundigames Cash\",\"isPartOf\":{\"@id\":\"https:\/\/www.mundigamescash.com\/#website\"},\"datePublished\":\"2025-04-24T08:23:27+00:00\",\"dateModified\":\"2025-07-28T13:25:30+00:00\",\"description\":\"Review our Privacy Policy to learn how we collect, use, and protect your personal information when using our services.\",\"breadcrumb\":{\"@id\":\"https:\/\/www.mundigamescash.com\/privacy-policy\/#breadcrumb\"},\"inLanguage\":\"es\",\"potentialAction\":[{\"@type\":\"ReadAction\",\"target\":[\"https:\/\/www.mundigamescash.com\/privacy-policy\/\"]}]},{\"@type\":\"BreadcrumbList\",\"@id\":\"https:\/\/www.mundigamescash.com\/privacy-policy\/#breadcrumb\",\"itemListElement\":[{\"@type\":\"ListItem\",\"position\":1,\"name\":\"Home\",\"item\":\"https:\/\/www.mundigamescash.com\/\"},{\"@type\":\"ListItem\",\"position\":2,\"name\":\"Privacy Policy\"}]},{\"@type\":\"WebSite\",\"@id\":\"https:\/\/www.mundigamescash.com\/#website\",\"url\":\"https:\/\/www.mundigamescash.com\/\",\"name\":\"Mundigames Cash\",\"description\":\"Win Real Money\",\"potentialAction\":[{\"@type\":\"SearchAction\",\"target\":{\"@type\":\"EntryPoint\",\"urlTemplate\":\"https:\/\/www.mundigamescash.com\/?s={search_term_string}\"},\"query-input\":{\"@type\":\"PropertyValueSpecification\",\"valueRequired\":true,\"valueName\":\"search_term_string\"}}],\"inLanguage\":\"es\"}]}<\/script>\n<!-- \/ Yoast SEO plugin. -->","yoast_head_json":{"title":"Pol\u00edtica de Privacidad | Mundijuegos Cash","description":"Revisa nuestra Pol\u00edtica de Privacidad para conocer c\u00f3mo recopilamos, usamos y protegemos tu informaci\u00f3n personal al utilizar nuestros servicios.","robots":{"index":"index","follow":"follow","max-snippet":"max-snippet:-1","max-image-preview":"max-image-preview:large","max-video-preview":"max-video-preview:-1"},"canonical":"https:\/\/www.mundigamescash.com\/es\/politica-de-privacidad\/","og_locale":"es_ES","og_type":"article","og_title":"Privacy Policy | Mundigames Cash","og_description":"Review our Privacy Policy to learn how we collect, use, and protect your personal information when using our services.","og_url":"https:\/\/www.mundigamescash.com\/es\/politica-de-privacidad\/","og_site_name":"Mundigames Cash","article_modified_time":"2025-07-28T13:25:30+00:00","twitter_card":"summary_large_image","schema":{"@context":"https:\/\/schema.org","@graph":[{"@type":"WebPage","@id":"https:\/\/www.mundigamescash.com\/privacy-policy\/","url":"https:\/\/www.mundigamescash.com\/privacy-policy\/","name":"Pol\u00edtica de Privacidad | Mundijuegos Cash","isPartOf":{"@id":"https:\/\/www.mundigamescash.com\/#website"},"datePublished":"2025-04-24T08:23:27+00:00","dateModified":"2025-07-28T13:25:30+00:00","description":"Revisa nuestra Pol\u00edtica de Privacidad para conocer c\u00f3mo recopilamos, usamos y protegemos tu informaci\u00f3n personal al utilizar nuestros servicios.","breadcrumb":{"@id":"https:\/\/www.mundigamescash.com\/privacy-policy\/#breadcrumb"},"inLanguage":"es","potentialAction":[{"@type":"ReadAction","target":["https:\/\/www.mundigamescash.com\/privacy-policy\/"]}]},{"@type":"BreadcrumbList","@id":"https:\/\/www.mundigamescash.com\/privacy-policy\/#breadcrumb","itemListElement":[{"@type":"ListItem","position":1,"name":"Home","item":"https:\/\/www.mundigamescash.com\/"},{"@type":"ListItem","position":2,"name":"Privacy Policy"}]},{"@type":"WebSite","@id":"https:\/\/www.mundigamescash.com\/#website","url":"https:\/\/www.mundigamescash.com\/","name":"Mundijuegos Cash","description":"Gana cash","potentialAction":[{"@type":"SearchAction","target":{"@type":"EntryPoint","urlTemplate":"https:\/\/www.mundigamescash.com\/?s={search_term_string}"},"query-input":{"@type":"PropertyValueSpecification","valueRequired":true,"valueName":"search_term_string"}}],"inLanguage":"es"}]}},"_links":{"self":[{"href":"https:\/\/www.mundigamescash.com\/es\/wp-json\/wp\/v2\/pages\/884","targetHints":{"allow":["GET"]}}],"collection":[{"href":"https:\/\/www.mundigamescash.com\/es\/wp-json\/wp\/v2\/pages"}],"about":[{"href":"https:\/\/www.mundigamescash.com\/es\/wp-json\/wp\/v2\/types\/page"}],"author":[{"embeddable":true,"href":"https:\/\/www.mundigamescash.com\/es\/wp-json\/wp\/v2\/users\/1"}],"replies":[{"embeddable":true,"href":"https:\/\/www.mundigamescash.com\/es\/wp-json\/wp\/v2\/comments?post=884"}],"version-history":[{"count":1,"href":"https:\/\/www.mundigamescash.com\/es\/wp-json\/wp\/v2\/pages\/884\/revisions"}],"predecessor-version":[{"id":1296,"href":"https:\/\/www.mundigamescash.com\/es\/wp-json\/wp\/v2\/pages\/884\/revisions\/1296"}],"wp:attachment":[{"href":"https:\/\/www.mundigamescash.com\/es\/wp-json\/wp\/v2\/media?parent=884"}],"curies":[{"name":"wp","href":"https:\/\/api.w.org\/{rel}","templated":true}]}}